{"id":590,"date":"2023-06-28T13:06:33","date_gmt":"2023-06-28T11:06:33","guid":{"rendered":"https:\/\/ashtangayogadonosti.com\/?page_id=590"},"modified":"2023-06-28T13:16:53","modified_gmt":"2023-06-28T11:16:53","slug":"shala","status":"publish","type":"page","link":"https:\/\/ashtangayogadonosti.com\/eu\/shala\/","title":{"rendered":"Shala"},"content":{"rendered":"<div class=\"wpb-content-wrapper\"><p>[vc_section css=&#8221;.vc_custom_1687950390691{padding-top: 48px !important;padding-bottom: 48px !important;}&#8221;][vc_row][vc_column][vc_masonry_media_grid grid_id=&#8221;vc_gid:1687950970849-a8cbce95-49f1-3&#8243; include=&#8221;602,608,606,600,598,604,610&#8243;][\/vc_column][\/vc_row][\/vc_section][vc_section full_width=&#8221;stretch_row&#8221; css=&#8221;.vc_custom_1677683949812{padding-top: 56px !important;padding-bottom: 56px !important;background-color: rgba(129,133,83,0.15) !important;*background-color: rgb(129,133,83) !important;}&#8221;][vc_row][vc_column width=&#8221;1\/2&#8243;][vc_column_text]<\/p>\n<p class=\"color-principal pretitulo\">Kontaktatu orain<\/p>\n<p>[\/vc_column_text][vc_column_text css=&#8221;.vc_custom_1678881530775{margin-bottom: 56px !important;}&#8221;]<\/p>\n<h2 class=\"color-principal-dark\">Zure zalantza guztiei erantzungo diegu<\/h2>\n<p>[\/vc_column_text][vc_raw_html]PGRpdiBjbGFzcz0iZmxleF9pY29uX2JveCBhbGlnbl9sZWZ0Ij4NCiAgIDxkaXYgY2xhc3M9Imljb25vX2ljb25fYm94Ij4NCiAgICAgICA8aW1nIHNyYz0iL3dwLWNvbnRlbnQvdXBsb2Fkcy9pY29ub19tYXJrZXIucG5nIj4NCiAgIDwvZGl2Pg0KDQogICA8ZGl2IGNsYXNzPSJ0ZXh0b19pY29uX2JveCI+DQogICAgICAgDQogICAgICAgPHA+PGEgaHJlZj0iaHR0cHM6Ly9tYXBzLmFwcC5nb28uZ2wvWm5NMVM1TUt6N2tUNFM4eTc\/Z19zdD1pdyI+Qml6a2FpYSBQYXNlYWxla3VhLCA0LDxicj4yMDAxMCBEb25vc3RpYSwgR2lwdXprb2E8L2E+PC9wPg0KICAgPC9kaXY+DQoNCjwvZGl2Pg0KDQo8ZGl2IGNsYXNzPSJmbGV4X2ljb25fYm94IGFsaWduX2xlZnQiPg0KICAgPGRpdiBjbGFzcz0iaWNvbm9faWNvbl9ib3giPg0KICAgICAgIDxpbWcgc3JjPSIvd3AtY29udGVudC91cGxvYWRzL2ljb25vLXRlbC5wbmciPg0KICAgPC9kaXY+DQoNCiAgIDxkaXYgY2xhc3M9InRleHRvX2ljb25fYm94Ij4NCiAgICAgICANCiAgICAgICA8cD48YSBocmVmPSJ0ZWw6KzM0NjQwNTcyNzEwIj42NDAgNTcgMjcgMTA8L2E+PC9wPg0KICAgPC9kaXY+DQoNCjwvZGl2Pg0KDQo8ZGl2IGNsYXNzPSJmbGV4X2ljb25fYm94IGFsaWduX2xlZnQiPg0KICAgPGRpdiBjbGFzcz0iaWNvbm9faWNvbl9ib3giPg0KICAgICAgIDxpbWcgc3JjPSIvd3AtY29udGVudC91cGxvYWRzL2ljb25vLW1haWwucG5nIj4NCiAgIDwvZGl2Pg0KDQogICA8ZGl2IGNsYXNzPSJ0ZXh0b19pY29uX2JveCI+DQogICAgICAgDQogICAgICAgPHA+PGEgaHJlZj0ibWFpbHRvOnNoYWxhQGFzaHRhbmdheW9nYWRvbm9zdGkuY29tIj5zaGFsYUBhc2h0YW5nYXlvZ2Fkb25vc3RpLmNvbTwvYT48L3A+DQogICA8L2Rpdj4NCg0KPC9kaXY+DQo=[\/vc_raw_html][\/vc_column][vc_column width=&#8221;1\/2&#8243;]\n<div class=\"wpcf7 no-js\" id=\"wpcf7-f507-o1\" lang=\"es-ES\" dir=\"ltr\" data-wpcf7-id=\"507\">\n<div class=\"screen-reader-response\"><p role=\"status\" aria-live=\"polite\" aria-atomic=\"true\"><\/p> <ul><\/ul><\/div>\n<form action=\"\/eu\/wp-json\/wp\/v2\/pages\/590#wpcf7-f507-o1\" method=\"post\" class=\"wpcf7-form init\" aria-label=\"Contact form\" novalidate=\"novalidate\" data-status=\"init\">\n<fieldset class=\"hidden-fields-container\"><input type=\"hidden\" name=\"_wpcf7\" value=\"507\" \/><input type=\"hidden\" name=\"_wpcf7_version\" value=\"6.1.5\" \/><input type=\"hidden\" name=\"_wpcf7_locale\" value=\"es_ES\" \/><input type=\"hidden\" name=\"_wpcf7_unit_tag\" value=\"wpcf7-f507-o1\" \/><input type=\"hidden\" name=\"_wpcf7_container_post\" value=\"0\" \/><input type=\"hidden\" name=\"_wpcf7_posted_data_hash\" value=\"\" \/><input type=\"hidden\" name=\"_wpcf7_recaptcha_response\" value=\"\" \/>\n<\/fieldset>\n<div class=\"vc_row\">\n\t<div class=\"vc_col-md-12\">\n\t\t<p><span class=\"wpcf7-form-control-wrap\" data-name=\"nombre\"><input size=\"40\" maxlength=\"400\" class=\"wpcf7-form-control wpcf7-text wpcf7-validates-as-required\" aria-required=\"true\" aria-invalid=\"false\" placeholder=\"Izena*\" value=\"\" type=\"text\" name=\"nombre\" \/><\/span>\n\t\t<\/p>\n\t<\/div>\n\t<div class=\"vc_col-md-12\">\n\t\t<p><span class=\"wpcf7-form-control-wrap\" data-name=\"telefono\"><input size=\"40\" maxlength=\"400\" class=\"wpcf7-form-control wpcf7-tel wpcf7-validates-as-required wpcf7-text wpcf7-validates-as-tel\" aria-required=\"true\" aria-invalid=\"false\" placeholder=\"Telefonoa*\" value=\"\" type=\"tel\" name=\"telefono\" \/><\/span>\n\t\t<\/p>\n\t<\/div>\n\t<div class=\"vc_col-md-12\">\n\t\t<p><span class=\"wpcf7-form-control-wrap\" data-name=\"email\"><input size=\"40\" maxlength=\"400\" class=\"wpcf7-form-control wpcf7-email wpcf7-validates-as-required wpcf7-text wpcf7-validates-as-email\" aria-required=\"true\" aria-invalid=\"false\" placeholder=\"Email *\" value=\"\" type=\"email\" name=\"email\" \/><\/span>\n\t\t<\/p>\n\t<\/div>\n\t<div class=\"vc_col-md-12\">\n\t\t<p><span class=\"wpcf7-form-control-wrap\" data-name=\"mensaje\"><textarea cols=\"40\" rows=\"4\" maxlength=\"2000\" class=\"wpcf7-form-control wpcf7-textarea\" aria-invalid=\"false\" placeholder=\"Utzi zure mezua\" name=\"mensaje\"><\/textarea><\/span>\n\t\t<\/p>\n\t<\/div>\n\t<div class=\"vc_col-md-12 aceptar\">\n\t\t<p><span class=\"wpcf7-form-control-wrap\" data-name=\"acceptance-59\"><span class=\"wpcf7-form-control wpcf7-acceptance\"><span class=\"wpcf7-list-item\"><input type=\"checkbox\" name=\"acceptance-59\" value=\"1\" aria-invalid=\"false\" \/><\/span><\/span><\/span> Pribatutasun-politika irakurri eta onartzen dut\n\t\t<\/p>\n\t<\/div>\n\t<div class=\"vc_col-md-12\" style=\"margin-top:16px;\">\n\t\t<p><small>(*) duten eremuak nahitaezkoak dira.<\/small>\n\t\t<\/p>\n\t<\/div>\n\t<div class=\"vc_col-md-12\" style=\"margin-top:16px;\">\n\t\t<p><input class=\"wpcf7-form-control wpcf7-submit has-spinner\" type=\"submit\" value=\"Bidali kontsulta\" \/>\n\t\t<\/p>\n\t<\/div>\n<\/div><div class=\"wpcf7-response-output\" aria-hidden=\"true\"><\/div>\n<\/form>\n<\/div>\n[\/vc_column][\/vc_row][\/vc_section]<\/p>\n<\/div>","protected":false},"excerpt":{"rendered":"<p>[vc_section css=&#8221;.vc_custom_1687950390691{padding-top: 48px !important;padding-bottom: 48px !important;}&#8221;][vc_row][vc_column][vc_masonry_media_grid grid_id=&#8221;vc_gid:1687950970849-a8cbce95-49f1-3&#8243; include=&#8221;602,608,606,600,598,604,610&#8243;][\/vc_column][\/vc_row][\/vc_section][vc_section full_width=&#8221;stretch_row&#8221; css=&#8221;.vc_custom_1677683949812{padding-top: 56px !important;padding-bottom: 56px !important;background-color: rgba(129,133,83,0.15) !important;*background-color: rgb(129,133,83) !important;}&#8221;][vc_row][vc_column width=&#8221;1\/2&#8243;][vc_column_text] Kontaktatu orain [\/vc_column_text][vc_column_text css=&#8221;.vc_custom_1678881530775{margin-bottom: 56px !important;}&#8221;] Zure zalantza guztiei erantzungo diegu [\/vc_column_text][vc_raw_html]PGRpdiBjbGFzcz0iZmxleF9pY29uX2JveCBhbGlnbl9sZWZ0Ij4NCiAgIDxkaXYgY2xhc3M9Imljb25vX2ljb25fYm94Ij4NCiAgICAgICA8aW1nIHNyYz0iL3dwLWNvbnRlbnQvdXBsb2Fkcy9pY29ub19tYXJrZXIucG5nIj4NCiAgIDwvZGl2Pg0KDQogICA8ZGl2IGNsYXNzPSJ0ZXh0b19pY29uX2JveCI+DQogICAgICAgDQogICAgICAgPHA+PGEgaHJlZj0iaHR0cHM6Ly9tYXBzLmFwcC5nb28uZ2wvWm5NMVM1TUt6N2tUNFM4eTc\/Z19zdD1pdyI+Qml6a2FpYSBQYXNlYWxla3VhLCA0LDxicj4yMDAxMCBEb25vc3RpYSwgR2lwdXprb2E8L2E+PC9wPg0KICAgPC9kaXY+DQoNCjwvZGl2Pg0KDQo8ZGl2IGNsYXNzPSJmbGV4X2ljb25fYm94IGFsaWduX2xlZnQiPg0KICAgPGRpdiBjbGFzcz0iaWNvbm9faWNvbl9ib3giPg0KICAgICAgIDxpbWcgc3JjPSIvd3AtY29udGVudC91cGxvYWRzL2ljb25vLXRlbC5wbmciPg0KICAgPC9kaXY+DQoNCiAgIDxkaXYgY2xhc3M9InRleHRvX2ljb25fYm94Ij4NCiAgICAgICANCiAgICAgICA8cD48YSBocmVmPSJ0ZWw6KzM0NjQwNTcyNzEwIj42NDAgNTcgMjcgMTA8L2E+PC9wPg0KICAgPC9kaXY+DQoNCjwvZGl2Pg0KDQo8ZGl2IGNsYXNzPSJmbGV4X2ljb25fYm94IGFsaWduX2xlZnQiPg0KICAgPGRpdiBjbGFzcz0iaWNvbm9faWNvbl9ib3giPg0KICAgICAgIDxpbWcgc3JjPSIvd3AtY29udGVudC91cGxvYWRzL2ljb25vLW1haWwucG5nIj4NCiAgIDwvZGl2Pg0KDQogICA8ZGl2IGNsYXNzPSJ0ZXh0b19pY29uX2JveCI+DQogICAgICAgDQogICAgICAgPHA+PGEgaHJlZj0ibWFpbHRvOnNoYWxhQGFzaHRhbmdheW9nYWRvbm9zdGkuY29tIj5zaGFsYUBhc2h0YW5nYXlvZ2Fkb25vc3RpLmNvbTwvYT48L3A+DQogICA8L2Rpdj4NCg0KPC9kaXY+DQo=[\/vc_raw_html][\/vc_column][vc_column width=&#8221;1\/2&#8243;][\/vc_column][\/vc_row][\/vc_section]<\/p>\n","protected":false},"author":1,"featured_media":594,"parent":0,"menu_order":0,"comment_status":"closed","ping_status":"closed","template":"","meta":{"_acf_changed":false,"_kad_post_transparent":"enable","_kad_post_title":"default","_kad_post_layout":"default","_kad_post_sidebar_id":"","_kad_post_content_style":"default","_kad_post_vertical_padding":"default","_kad_post_feature":"","_kad_post_feature_position":"","_kad_post_header":false,"_kad_post_footer":false,"_kad_post_classname":"","footnotes":""},"class_list":["post-590","page","type-page","status-publish","has-post-thumbnail","hentry"],"acf":[],"yoast_head":"<!-- This site is optimized with the Yoast SEO plugin v27.0 - https:\/\/yoast.com\/product\/yoast-seo-wordpress\/ -->\n<title>Shala - Shala - Ashtanga Yoga Donosti<\/title>\n<meta name=\"description\" content=\"Conoce el nuevo centro Ashtanga Yoga Donosti donde te ense\u00f1amos el m\u00e9todo Ashtanga y c\u00f3mo se practica en Mysore (India), ...\" \/>\n<meta name=\"robots\" content=\"index, follow, max-snippet:-1, max-image-preview:large, max-video-preview:-1\" \/>\n<link rel=\"canonical\" href=\"https:\/\/ashtangayogadonosti.com\/eu\/shala\/\" \/>\n<meta property=\"og:locale\" content=\"eu_ES\" \/>\n<meta property=\"og:type\" content=\"article\" \/>\n<meta property=\"og:title\" content=\"Shala - Shala - Ashtanga Yoga Donosti\" \/>\n<meta property=\"og:description\" content=\"Conoce el nuevo centro Ashtanga Yoga Donosti donde te ense\u00f1amos el m\u00e9todo Ashtanga y c\u00f3mo se practica en Mysore (India), ...\" \/>\n<meta property=\"og:url\" content=\"https:\/\/ashtangayogadonosti.com\/eu\/shala\/\" \/>\n<meta property=\"og:site_name\" content=\"Shala - Ashtanga Yoga Donosti\" \/>\n<meta property=\"article:modified_time\" content=\"2023-06-28T11:16:53+00:00\" \/>\n<meta property=\"og:image\" content=\"https:\/\/ashtangayogadonosti.com\/wp-content\/uploads\/centro-ashtanga-donosti.jpg\" \/>\n\t<meta property=\"og:image:width\" content=\"1922\" \/>\n\t<meta property=\"og:image:height\" content=\"497\" \/>\n\t<meta property=\"og:image:type\" content=\"image\/jpeg\" \/>\n<meta name=\"twitter:card\" content=\"summary_large_image\" \/>\n<meta name=\"twitter:label1\" content=\"Est. reading time\" \/>\n\t<meta name=\"twitter:data1\" content=\"1 minute\" \/>\n<script type=\"application\/ld+json\" class=\"yoast-schema-graph\">{\"@context\":\"https:\/\/schema.org\",\"@graph\":[{\"@type\":\"WebPage\",\"@id\":\"https:\/\/ashtangayogadonosti.com\/eu\/shala\/\",\"url\":\"https:\/\/ashtangayogadonosti.com\/eu\/shala\/\",\"name\":\"Shala - Shala - Ashtanga Yoga Donosti\",\"isPartOf\":{\"@id\":\"https:\/\/ashtangayogadonosti.com\/#website\"},\"primaryImageOfPage\":{\"@id\":\"https:\/\/ashtangayogadonosti.com\/eu\/shala\/#primaryimage\"},\"image\":{\"@id\":\"https:\/\/ashtangayogadonosti.com\/eu\/shala\/#primaryimage\"},\"thumbnailUrl\":\"https:\/\/ashtangayogadonosti.com\/wp-content\/uploads\/centro-ashtanga-donosti.jpg\",\"datePublished\":\"2023-06-28T11:06:33+00:00\",\"dateModified\":\"2023-06-28T11:16:53+00:00\",\"description\":\"Conoce el nuevo centro Ashtanga Yoga Donosti donde te ense\u00f1amos el m\u00e9todo Ashtanga y c\u00f3mo se practica en Mysore (India), ...\",\"breadcrumb\":{\"@id\":\"https:\/\/ashtangayogadonosti.com\/eu\/shala\/#breadcrumb\"},\"inLanguage\":\"eu-ES\",\"potentialAction\":[{\"@type\":\"ReadAction\",\"target\":[\"https:\/\/ashtangayogadonosti.com\/eu\/shala\/\"]}]},{\"@type\":\"ImageObject\",\"inLanguage\":\"eu-ES\",\"@id\":\"https:\/\/ashtangayogadonosti.com\/eu\/shala\/#primaryimage\",\"url\":\"https:\/\/ashtangayogadonosti.com\/wp-content\/uploads\/centro-ashtanga-donosti.jpg\",\"contentUrl\":\"https:\/\/ashtangayogadonosti.com\/wp-content\/uploads\/centro-ashtanga-donosti.jpg\",\"width\":1922,\"height\":497},{\"@type\":\"BreadcrumbList\",\"@id\":\"https:\/\/ashtangayogadonosti.com\/eu\/shala\/#breadcrumb\",\"itemListElement\":[{\"@type\":\"ListItem\",\"position\":1,\"name\":\"Portada\",\"item\":\"https:\/\/ashtangayogadonosti.com\/eu\/\"},{\"@type\":\"ListItem\",\"position\":2,\"name\":\"Shala\"}]},{\"@type\":\"WebSite\",\"@id\":\"https:\/\/ashtangayogadonosti.com\/#website\",\"url\":\"https:\/\/ashtangayogadonosti.com\/\",\"name\":\"Shala - Ashtanga Yoga Donosti\",\"description\":\"M\u00e9todo Ashtanga Yoga en Donosti\",\"publisher\":{\"@id\":\"https:\/\/ashtangayogadonosti.com\/#organization\"},\"potentialAction\":[{\"@type\":\"SearchAction\",\"target\":{\"@type\":\"EntryPoint\",\"urlTemplate\":\"https:\/\/ashtangayogadonosti.com\/?s={search_term_string}\"},\"query-input\":{\"@type\":\"PropertyValueSpecification\",\"valueRequired\":true,\"valueName\":\"search_term_string\"}}],\"inLanguage\":\"eu-ES\"},{\"@type\":\"Organization\",\"@id\":\"https:\/\/ashtangayogadonosti.com\/#organization\",\"name\":\"Shala - Ashtanga Yoga Donosti\",\"url\":\"https:\/\/ashtangayogadonosti.com\/\",\"logo\":{\"@type\":\"ImageObject\",\"inLanguage\":\"eu-ES\",\"@id\":\"https:\/\/ashtangayogadonosti.com\/#\/schema\/logo\/image\/\",\"url\":\"https:\/\/ashtangayogadonosti.com\/wp-content\/uploads\/logo-ashtanga-blanco.png\",\"contentUrl\":\"https:\/\/ashtangayogadonosti.com\/wp-content\/uploads\/logo-ashtanga-blanco.png\",\"width\":500,\"height\":501,\"caption\":\"Shala - Ashtanga Yoga Donosti\"},\"image\":{\"@id\":\"https:\/\/ashtangayogadonosti.com\/#\/schema\/logo\/image\/\"}}]}<\/script>\n<!-- \/ Yoast SEO plugin. -->","yoast_head_json":{"title":"Shala - Shala - Ashtanga Yoga Donosti","description":"Conoce el nuevo centro Ashtanga Yoga Donosti donde te ense\u00f1amos el m\u00e9todo Ashtanga y c\u00f3mo se practica en Mysore (India), ...","robots":{"index":"index","follow":"follow","max-snippet":"max-snippet:-1","max-image-preview":"max-image-preview:large","max-video-preview":"max-video-preview:-1"},"canonical":"https:\/\/ashtangayogadonosti.com\/eu\/shala\/","og_locale":"eu_ES","og_type":"article","og_title":"Shala - Shala - Ashtanga Yoga Donosti","og_description":"Conoce el nuevo centro Ashtanga Yoga Donosti donde te ense\u00f1amos el m\u00e9todo Ashtanga y c\u00f3mo se practica en Mysore (India), ...","og_url":"https:\/\/ashtangayogadonosti.com\/eu\/shala\/","og_site_name":"Shala - Ashtanga Yoga Donosti","article_modified_time":"2023-06-28T11:16:53+00:00","og_image":[{"width":1922,"height":497,"url":"https:\/\/ashtangayogadonosti.com\/wp-content\/uploads\/centro-ashtanga-donosti.jpg","type":"image\/jpeg"}],"twitter_card":"summary_large_image","twitter_misc":{"Est. reading time":"1 minute"},"schema":{"@context":"https:\/\/schema.org","@graph":[{"@type":"WebPage","@id":"https:\/\/ashtangayogadonosti.com\/eu\/shala\/","url":"https:\/\/ashtangayogadonosti.com\/eu\/shala\/","name":"Shala - Shala - Ashtanga Yoga Donosti","isPartOf":{"@id":"https:\/\/ashtangayogadonosti.com\/#website"},"primaryImageOfPage":{"@id":"https:\/\/ashtangayogadonosti.com\/eu\/shala\/#primaryimage"},"image":{"@id":"https:\/\/ashtangayogadonosti.com\/eu\/shala\/#primaryimage"},"thumbnailUrl":"https:\/\/ashtangayogadonosti.com\/wp-content\/uploads\/centro-ashtanga-donosti.jpg","datePublished":"2023-06-28T11:06:33+00:00","dateModified":"2023-06-28T11:16:53+00:00","description":"Conoce el nuevo centro Ashtanga Yoga Donosti donde te ense\u00f1amos el m\u00e9todo Ashtanga y c\u00f3mo se practica en Mysore (India), ...","breadcrumb":{"@id":"https:\/\/ashtangayogadonosti.com\/eu\/shala\/#breadcrumb"},"inLanguage":"eu-ES","potentialAction":[{"@type":"ReadAction","target":["https:\/\/ashtangayogadonosti.com\/eu\/shala\/"]}]},{"@type":"ImageObject","inLanguage":"eu-ES","@id":"https:\/\/ashtangayogadonosti.com\/eu\/shala\/#primaryimage","url":"https:\/\/ashtangayogadonosti.com\/wp-content\/uploads\/centro-ashtanga-donosti.jpg","contentUrl":"https:\/\/ashtangayogadonosti.com\/wp-content\/uploads\/centro-ashtanga-donosti.jpg","width":1922,"height":497},{"@type":"BreadcrumbList","@id":"https:\/\/ashtangayogadonosti.com\/eu\/shala\/#breadcrumb","itemListElement":[{"@type":"ListItem","position":1,"name":"Portada","item":"https:\/\/ashtangayogadonosti.com\/eu\/"},{"@type":"ListItem","position":2,"name":"Shala"}]},{"@type":"WebSite","@id":"https:\/\/ashtangayogadonosti.com\/#website","url":"https:\/\/ashtangayogadonosti.com\/","name":"Shala - Ashtanga Yoga Donosti","description":"M\u00e9todo Ashtanga Yoga en Donosti","publisher":{"@id":"https:\/\/ashtangayogadonosti.com\/#organization"},"potentialAction":[{"@type":"SearchAction","target":{"@type":"EntryPoint","urlTemplate":"https:\/\/ashtangayogadonosti.com\/?s={search_term_string}"},"query-input":{"@type":"PropertyValueSpecification","valueRequired":true,"valueName":"search_term_string"}}],"inLanguage":"eu-ES"},{"@type":"Organization","@id":"https:\/\/ashtangayogadonosti.com\/#organization","name":"Shala - Ashtanga Yoga Donosti","url":"https:\/\/ashtangayogadonosti.com\/","logo":{"@type":"ImageObject","inLanguage":"eu-ES","@id":"https:\/\/ashtangayogadonosti.com\/#\/schema\/logo\/image\/","url":"https:\/\/ashtangayogadonosti.com\/wp-content\/uploads\/logo-ashtanga-blanco.png","contentUrl":"https:\/\/ashtangayogadonosti.com\/wp-content\/uploads\/logo-ashtanga-blanco.png","width":500,"height":501,"caption":"Shala - Ashtanga Yoga Donosti"},"image":{"@id":"https:\/\/ashtangayogadonosti.com\/#\/schema\/logo\/image\/"}}]}},"_links":{"self":[{"href":"https:\/\/ashtangayogadonosti.com\/eu\/wp-json\/wp\/v2\/pages\/590","targetHints":{"allow":["GET"]}}],"collection":[{"href":"https:\/\/ashtangayogadonosti.com\/eu\/wp-json\/wp\/v2\/pages"}],"about":[{"href":"https:\/\/ashtangayogadonosti.com\/eu\/wp-json\/wp\/v2\/types\/page"}],"author":[{"embeddable":true,"href":"https:\/\/ashtangayogadonosti.com\/eu\/wp-json\/wp\/v2\/users\/1"}],"replies":[{"embeddable":true,"href":"https:\/\/ashtangayogadonosti.com\/eu\/wp-json\/wp\/v2\/comments?post=590"}],"version-history":[{"count":4,"href":"https:\/\/ashtangayogadonosti.com\/eu\/wp-json\/wp\/v2\/pages\/590\/revisions"}],"predecessor-version":[{"id":619,"href":"https:\/\/ashtangayogadonosti.com\/eu\/wp-json\/wp\/v2\/pages\/590\/revisions\/619"}],"wp:featuredmedia":[{"embeddable":true,"href":"https:\/\/ashtangayogadonosti.com\/eu\/wp-json\/wp\/v2\/media\/594"}],"wp:attachment":[{"href":"https:\/\/ashtangayogadonosti.com\/eu\/wp-json\/wp\/v2\/media?parent=590"}],"curies":[{"name":"wp","href":"https:\/\/api.w.org\/{rel}","templated":true}]}}